{"id":804,"date":"2019-10-29T18:17:38","date_gmt":"2019-10-29T17:17:38","guid":{"rendered":"http:\/\/www.ferigouliero.fr\/?page_id=804"},"modified":"2021-07-16T16:31:30","modified_gmt":"2021-07-16T15:31:30","slug":"motos","status":"publish","type":"page","link":"https:\/\/www.ferigouliero.fr\/index.php\/motos\/","title":{"rendered":"Motards et cyclistes bienvenus"},"content":{"rendered":"<p><strong>Les amateurs de randonn\u00e9es \u00e0 moto<\/strong> ne sont pas oubli\u00e9s : la r\u00e9gion des Gorges du Verdon est superbe et se pr\u00eate particuli\u00e8rement bien \u00e0 la moto. Nos amis les motards trouveront dans notre villa tout le n\u00e9cessaire pour passer un s\u00e9jour confortable et adapt\u00e9 \u00e0 leurs besoins sp\u00e9cifiques.<\/p>\n<p><img loading=\"lazy\" decoding=\"async\" class=\"alignnone wp-image-807 size-full\" src=\"http:\/\/ferigouliero.fr\/wp-content\/uploads\/2019\/10\/Moto.3.jpg\" alt=\"\" width=\"1536\" height=\"2048\" srcset=\"https:\/\/ferigouliero.fr\/wp-content\/uploads\/2019\/10\/Moto.3.jpg 1536w, https:\/\/ferigouliero.fr\/wp-content\/uploads\/2019\/10\/Moto.3-225x300.jpg 225w, https:\/\/ferigouliero.fr\/wp-content\/uploads\/2019\/10\/Moto.3-768x1024.jpg 768w\" sizes=\"auto, (max-width: 1536px) 100vw, 1536px\" \/><\/p>\n<p>Le garage est tr\u00e8s grand, offrant ainsi la possibilit\u00e9 d&rsquo;y h\u00e9berger plusieurs grosses cylindr\u00e9es, en parfaite s\u00e9curit\u00e9 puisque le garage, de m\u00eame que le portail, ferme \u00e0 cl\u00e9.<\/p>\n<p><img loading=\"lazy\" decoding=\"async\" class=\"alignnone wp-image-810 size-full\" src=\"http:\/\/ferigouliero.fr\/wp-content\/uploads\/2019\/10\/Motos.jpg\" alt=\"\" width=\"702\" height=\"445\" srcset=\"https:\/\/ferigouliero.fr\/wp-content\/uploads\/2019\/10\/Motos.jpg 702w, https:\/\/ferigouliero.fr\/wp-content\/uploads\/2019\/10\/Motos-300x190.jpg 300w\" sizes=\"auto, (max-width: 702px) 100vw, 702px\" \/><\/p>\n<p>Dans le garage, un s\u00e9choir permet d&rsquo;y pendre vos tenues et de les faire s\u00e9cher sans soucis, le sol du garage \u00e9tant trait\u00e9 contre l&rsquo;humidit\u00e9 et l&rsquo;eau.<\/p>\n<p>Enfin, dans le fond du garage, un \u00e9tabli avec de nombreux outils est \u00e0 votre disposition en cas de besoin.<\/p>\n<p>&nbsp;<\/p>\n<p><strong>Les cyclistes et les VTT<\/strong> seront aussi \u00e0 la f\u00eate dans cette magnifique r\u00e9gion. Nous leur conseillons d&#8217;emprunter l&rsquo;ancienne voie de chemin de fer des \u00ab\u00a0Pignes\u00a0\u00bb qui a \u00e9t\u00e9 transform\u00e9e en circuit touristiques pour pi\u00e9tons et v\u00e9los. Suivre le lien suivant :<br \/>\n<a href=\"http:\/\/www.vtt-a-2.fr\/2017\/01\/voie-ferre.html\">http:\/\/www.vtt-a-2.fr\/2017\/01\/voie-ferre.html<\/a><\/p>\n<p>Il y a aussi \u00e0 Salernes un morceau de l&rsquo;EUROVELO 8. Retrouvez les renseignements sur les chemins cyclables en Dracenie sur le lien:<br \/>\n<a href=\"http:\/\/www.dracenie.com\/fr\/node\/1081\">http:\/\/www.dracenie.com\/fr\/node\/1081<\/a><\/p>\n<p><img loading=\"lazy\" decoding=\"async\" class=\"alignnone size-medium wp-image-930\" src=\"http:\/\/ferigouliero.fr\/wp-content\/uploads\/2019\/11\/IMG_0919-300x200.jpg\" alt=\"\" width=\"300\" height=\"200\" srcset=\"https:\/\/ferigouliero.fr\/wp-content\/uploads\/2019\/11\/IMG_0919-300x200.jpg 300w, https:\/\/ferigouliero.fr\/wp-content\/uploads\/2019\/11\/IMG_0919-768x512.jpg 768w, https:\/\/ferigouliero.fr\/wp-content\/uploads\/2019\/11\/IMG_0919-1024x683.jpg 1024w\" sizes=\"auto, (max-width: 300px) 100vw, 300px\" \/><\/p>\n<p>Il y a plusieurs documents PDF t\u00e9l\u00e9chargeables avec des circuits plus ou moins longs dans la r\u00e9gion:<\/p>\n<p><a href=\"https:\/\/www.lacs-gorges-verdon.fr\/pdf\/Le-Verdon-a-Velo-2021-2022.pdf\">https:\/\/www.lacs-gorges-verdon.fr\/pdf\/Le-Verdon-a-Velo-2021-2022.pdf<\/a><\/p>\n<p><a href=\"https:\/\/www.lacs-gorges-verdon.fr\/pdf\/Tour-du-Verdon-a-velo.pdf\">https:\/\/www.lacs-gorges-verdon.fr\/pdf\/Tour-du-Verdon-a-velo.pdf<\/a><\/p>\n<p><a href=\"https:\/\/www.lacs-gorges-verdon.fr\/pdf\/Velo-2019-verdon.pdf\">https:\/\/www.lacs-gorges-verdon.fr\/pdf\/Velo-2019-verdon.pdf<\/a><\/p>\n<p>&nbsp;<\/p>\n","protected":false},"excerpt":{"rendered":"<p>Les amateurs de randonn\u00e9es \u00e0 moto ne sont pas oubli\u00e9s : la r\u00e9gion des Gorges du Verdon est superbe et se pr\u00eate particuli\u00e8rement bien \u00e0 la moto. Nos amis les motards trouveront dans notre villa tout le n\u00e9cessaire pour passer un s\u00e9jour confortable et adapt\u00e9 \u00e0 leurs besoins sp\u00e9cifiques. Le garage est tr\u00e8s grand, offrant &hellip; <a href=\"https:\/\/www.ferigouliero.fr\/index.php\/motos\/\" class=\"more-link\">Continuer la lecture de <span class=\"screen-reader-text\">Motards et cyclistes bienvenus<\/span>  <span class=\"meta-nav\">&rarr;<\/span><\/a><\/p>\n","protected":false},"author":1,"featured_media":0,"parent":0,"menu_order":0,"comment_status":"closed","ping_status":"closed","template":"","meta":{"footnotes":""},"class_list":["post-804","page","type-page","status-publish","hentry"],"_links":{"self":[{"href":"https:\/\/www.ferigouliero.fr\/index.php\/wp-json\/wp\/v2\/pages\/804","targetHints":{"allow":["GET"]}}],"collection":[{"href":"https:\/\/www.ferigouliero.fr\/index.php\/wp-json\/wp\/v2\/pages"}],"about":[{"href":"https:\/\/www.ferigouliero.fr\/index.php\/wp-json\/wp\/v2\/types\/page"}],"author":[{"embeddable":true,"href":"https:\/\/www.ferigouliero.fr\/index.php\/wp-json\/wp\/v2\/users\/1"}],"replies":[{"embeddable":true,"href":"https:\/\/www.ferigouliero.fr\/index.php\/wp-json\/wp\/v2\/comments?post=804"}],"version-history":[{"count":12,"href":"https:\/\/www.ferigouliero.fr\/index.php\/wp-json\/wp\/v2\/pages\/804\/revisions"}],"predecessor-version":[{"id":1040,"href":"https:\/\/www.ferigouliero.fr\/index.php\/wp-json\/wp\/v2\/pages\/804\/revisions\/1040"}],"wp:attachment":[{"href":"https:\/\/www.ferigouliero.fr\/index.php\/wp-json\/wp\/v2\/media?parent=804"}],"curies":[{"name":"wp","href":"https:\/\/api.w.org\/{rel}","templated":true}]}}