{"id":237,"date":"2016-07-27T18:15:26","date_gmt":"2016-07-27T17:15:26","guid":{"rendered":"http:\/\/ferigouliero.fr\/?page_id=237"},"modified":"2019-11-01T13:55:13","modified_gmt":"2019-11-01T12:55:13","slug":"la-cuisine-provencale","status":"publish","type":"page","link":"https:\/\/www.ferigouliero.fr\/index.php\/la-cuisine-provencale\/","title":{"rendered":"La cuisine"},"content":{"rendered":"<p>La grande cuisine est dans le plus pur style proven\u00e7ale et super \u00e9quip\u00e9e, avec frigo, cong\u00e9lateur et lave-vaisselle.<\/p>\n<p><img loading=\"lazy\" decoding=\"async\" class=\"alignnone wp-image-27 size-full\" src=\"http:\/\/ferigouliero.fr\/wp-content\/uploads\/2016\/06\/DSCN3427-e1469636569975.jpg\" alt=\"DSCN3427\" width=\"640\" height=\"480\" \/><\/p>\n<p><img loading=\"lazy\" decoding=\"async\" class=\"alignnone wp-image-28 size-full\" src=\"http:\/\/ferigouliero.fr\/wp-content\/uploads\/2016\/06\/DSCN3429-e1469636620611.jpg\" alt=\"DSCN3429\" width=\"640\" height=\"480\" \/><\/p>\n<p><img loading=\"lazy\" decoding=\"async\" class=\"alignnone wp-image-29 size-full\" src=\"http:\/\/ferigouliero.fr\/wp-content\/uploads\/2016\/06\/DSCN3434-e1469636686881.jpg\" alt=\"DSCN3434\" width=\"640\" height=\"853\" \/><\/p>\n<p>La vaisselle neuve est pr\u00e9vue pour 12 personnes. Pour les petits enfants, il y a m\u00eame des gobelets et des assiettes en plastique.<\/p>\n<p><img loading=\"lazy\" decoding=\"async\" class=\"alignnone wp-image-238 size-full\" src=\"http:\/\/ferigouliero.fr\/wp-content\/uploads\/2016\/07\/Cuisine.3-e1469639668325.jpg\" alt=\"Cuisine.3\" width=\"380\" height=\"253\" \/><\/p>\n<p><img loading=\"lazy\" decoding=\"async\" class=\"alignnone wp-image-144 size-full\" src=\"http:\/\/ferigouliero.fr\/wp-content\/uploads\/2016\/07\/DSC00978-e1469639704249.jpg\" alt=\"DSC00978\" width=\"380\" height=\"253\" \/><\/p>\n<p>&nbsp;<\/p>\n","protected":false},"excerpt":{"rendered":"<p>La grande cuisine est dans le plus pur style proven\u00e7ale et super \u00e9quip\u00e9e, avec frigo, cong\u00e9lateur et lave-vaisselle. La vaisselle neuve est pr\u00e9vue pour 12 personnes. Pour les petits enfants, il y a m\u00eame des gobelets et des assiettes en plastique. &nbsp;<\/p>\n","protected":false},"author":1,"featured_media":0,"parent":0,"menu_order":0,"comment_status":"closed","ping_status":"closed","template":"","meta":{"footnotes":""},"class_list":["post-237","page","type-page","status-publish","hentry"],"_links":{"self":[{"href":"https:\/\/www.ferigouliero.fr\/index.php\/wp-json\/wp\/v2\/pages\/237","targetHints":{"allow":["GET"]}}],"collection":[{"href":"https:\/\/www.ferigouliero.fr\/index.php\/wp-json\/wp\/v2\/pages"}],"about":[{"href":"https:\/\/www.ferigouliero.fr\/index.php\/wp-json\/wp\/v2\/types\/page"}],"author":[{"embeddable":true,"href":"https:\/\/www.ferigouliero.fr\/index.php\/wp-json\/wp\/v2\/users\/1"}],"replies":[{"embeddable":true,"href":"https:\/\/www.ferigouliero.fr\/index.php\/wp-json\/wp\/v2\/comments?post=237"}],"version-history":[{"count":4,"href":"https:\/\/www.ferigouliero.fr\/index.php\/wp-json\/wp\/v2\/pages\/237\/revisions"}],"predecessor-version":[{"id":872,"href":"https:\/\/www.ferigouliero.fr\/index.php\/wp-json\/wp\/v2\/pages\/237\/revisions\/872"}],"wp:attachment":[{"href":"https:\/\/www.ferigouliero.fr\/index.php\/wp-json\/wp\/v2\/media?parent=237"}],"curies":[{"name":"wp","href":"https:\/\/api.w.org\/{rel}","templated":true}]}}