{"id":241,"date":"2016-07-27T18:42:33","date_gmt":"2016-07-27T17:42:33","guid":{"rendered":"http:\/\/ferigouliero.fr\/?page_id=241"},"modified":"2026-03-14T17:44:55","modified_gmt":"2026-03-14T16:44:55","slug":"salon-salle-a-manger","status":"publish","type":"page","link":"https:\/\/www.ferigouliero.fr\/index.php\/salon-salle-a-manger\/","title":{"rendered":"Salon &#038; salle \u00e0 manger"},"content":{"rendered":"<p>Le vaste salon-salle \u00e0 manger de 40 m\u00b3 est baign\u00e9 de lumi\u00e8re gr\u00e2ce \u00e0 ses larges ouvertures vitr\u00e9es. La vue sur la campagne environnante et la piscine est un r\u00e9el plaisir, en toutes saisons.<\/p>\n<p>Cette pi\u00e8ce vient d&rsquo;\u00eatre enti\u00e8rement repeinte dans une couleur beige clair, qui \u00e9gaye l&rsquo;ensemble et met en relief l&rsquo;ameublement et les peintures.<\/p>\n<p><img loading=\"lazy\" decoding=\"async\" class=\"alignnone size-medium wp-image-1341\" src=\"http:\/\/ferigouliero.fr\/wp-content\/uploads\/2026\/03\/IMG20260215095652-300x225.jpg\" alt=\"\" width=\"300\" height=\"225\" srcset=\"https:\/\/ferigouliero.fr\/wp-content\/uploads\/2026\/03\/IMG20260215095652-300x225.jpg 300w, https:\/\/ferigouliero.fr\/wp-content\/uploads\/2026\/03\/IMG20260215095652.jpg 512w\" sizes=\"auto, (max-width: 300px) 100vw, 300px\" \/><\/p>\n<p><img loading=\"lazy\" decoding=\"async\" class=\"alignnone size-medium wp-image-1344\" src=\"http:\/\/ferigouliero.fr\/wp-content\/uploads\/2026\/03\/salle-a-manger.2-300x225.jpg\" alt=\"\" width=\"300\" height=\"225\" srcset=\"https:\/\/ferigouliero.fr\/wp-content\/uploads\/2026\/03\/salle-a-manger.2-300x225.jpg 300w, https:\/\/ferigouliero.fr\/wp-content\/uploads\/2026\/03\/salle-a-manger.2.jpg 512w\" sizes=\"auto, (max-width: 300px) 100vw, 300px\" \/><\/p>\n<p><img loading=\"lazy\" decoding=\"async\" class=\"alignnone size-medium wp-image-1348\" src=\"http:\/\/ferigouliero.fr\/wp-content\/uploads\/2026\/03\/salle-a-manger.7-300x225.jpg\" alt=\"\" width=\"300\" height=\"225\" srcset=\"https:\/\/ferigouliero.fr\/wp-content\/uploads\/2026\/03\/salle-a-manger.7-300x225.jpg 300w, https:\/\/ferigouliero.fr\/wp-content\/uploads\/2026\/03\/salle-a-manger.7.jpg 512w\" sizes=\"auto, (max-width: 300px) 100vw, 300px\" \/><img loading=\"lazy\" decoding=\"async\" class=\"alignnone size-medium wp-image-1349\" src=\"http:\/\/ferigouliero.fr\/wp-content\/uploads\/2026\/03\/salle-a-manger.8-300x225.jpg\" alt=\"\" width=\"300\" height=\"225\" srcset=\"https:\/\/ferigouliero.fr\/wp-content\/uploads\/2026\/03\/salle-a-manger.8-300x225.jpg 300w, https:\/\/ferigouliero.fr\/wp-content\/uploads\/2026\/03\/salle-a-manger.8.jpg 512w\" sizes=\"auto, (max-width: 300px) 100vw, 300px\" \/><\/p>\n<p><img loading=\"lazy\" decoding=\"async\" class=\"alignnone size-medium wp-image-1343\" src=\"http:\/\/ferigouliero.fr\/wp-content\/uploads\/2026\/03\/salle-a-manger.1-300x225.jpg\" alt=\"\" width=\"300\" height=\"225\" srcset=\"https:\/\/ferigouliero.fr\/wp-content\/uploads\/2026\/03\/salle-a-manger.1-300x225.jpg 300w, https:\/\/ferigouliero.fr\/wp-content\/uploads\/2026\/03\/salle-a-manger.1.jpg 512w\" sizes=\"auto, (max-width: 300px) 100vw, 300px\" \/><\/p>\n<p>Tout est pens\u00e9 pour vous assurer un confort maximal : les 2 canap\u00e9s convertibles forment un angle d&rsquo;o\u00f9 chacun peut avoir une bonne vue sur la t\u00e9l\u00e9vision \u00e0 \u00e9cran plat grand format ou sur le po\u00eale \u00e0 cassette (au bois) en hiver.<\/p>\n<p><img loading=\"lazy\" decoding=\"async\" class=\"alignnone wp-image-1322\" src=\"http:\/\/ferigouliero.fr\/wp-content\/uploads\/2026\/03\/IMG20260215095333-300x225.jpg\" alt=\"\" width=\"271\" height=\"203\" \/><\/p>\n<p>Une porte fen\u00eatre donne sur le terrasse, dans le prolongement de la salle \u00e0 manger.<\/p>\n<p><img loading=\"lazy\" decoding=\"async\" class=\"wp-image-1002 alignnone\" src=\"http:\/\/ferigouliero.fr\/wp-content\/uploads\/2021\/04\/IMG_3843-300x200.jpg\" alt=\"\" width=\"294\" height=\"196\" srcset=\"https:\/\/ferigouliero.fr\/wp-content\/uploads\/2021\/04\/IMG_3843-300x200.jpg 300w, https:\/\/ferigouliero.fr\/wp-content\/uploads\/2021\/04\/IMG_3843-768x512.jpg 768w, https:\/\/ferigouliero.fr\/wp-content\/uploads\/2021\/04\/IMG_3843-1024x683.jpg 1024w\" sizes=\"auto, (max-width: 294px) 100vw, 294px\" \/><\/p>\n<p>&nbsp;<\/p>\n","protected":false},"excerpt":{"rendered":"<p>Le vaste salon-salle \u00e0 manger de 40 m\u00b3 est baign\u00e9 de lumi\u00e8re gr\u00e2ce \u00e0 ses larges ouvertures vitr\u00e9es. La vue sur la campagne environnante et la piscine est un r\u00e9el plaisir, en toutes saisons. Cette pi\u00e8ce vient d&rsquo;\u00eatre enti\u00e8rement repeinte dans une couleur beige clair, qui \u00e9gaye l&rsquo;ensemble et met en relief l&rsquo;ameublement et les &hellip; <a href=\"https:\/\/www.ferigouliero.fr\/index.php\/salon-salle-a-manger\/\" class=\"more-link\">Continuer la lecture de <span class=\"screen-reader-text\">Salon &#038; salle \u00e0 manger<\/span>  <span class=\"meta-nav\">&rarr;<\/span><\/a><\/p>\n","protected":false},"author":1,"featured_media":0,"parent":0,"menu_order":0,"comment_status":"closed","ping_status":"closed","template":"","meta":{"footnotes":""},"class_list":["post-241","page","type-page","status-publish","hentry"],"_links":{"self":[{"href":"https:\/\/www.ferigouliero.fr\/index.php\/wp-json\/wp\/v2\/pages\/241","targetHints":{"allow":["GET"]}}],"collection":[{"href":"https:\/\/www.ferigouliero.fr\/index.php\/wp-json\/wp\/v2\/pages"}],"about":[{"href":"https:\/\/www.ferigouliero.fr\/index.php\/wp-json\/wp\/v2\/types\/page"}],"author":[{"embeddable":true,"href":"https:\/\/www.ferigouliero.fr\/index.php\/wp-json\/wp\/v2\/users\/1"}],"replies":[{"embeddable":true,"href":"https:\/\/www.ferigouliero.fr\/index.php\/wp-json\/wp\/v2\/comments?post=241"}],"version-history":[{"count":13,"href":"https:\/\/www.ferigouliero.fr\/index.php\/wp-json\/wp\/v2\/pages\/241\/revisions"}],"predecessor-version":[{"id":1353,"href":"https:\/\/www.ferigouliero.fr\/index.php\/wp-json\/wp\/v2\/pages\/241\/revisions\/1353"}],"wp:attachment":[{"href":"https:\/\/www.ferigouliero.fr\/index.php\/wp-json\/wp\/v2\/media?parent=241"}],"curies":[{"name":"wp","href":"https:\/\/api.w.org\/{rel}","templated":true}]}}