{"id":243,"date":"2016-07-27T18:35:25","date_gmt":"2016-07-27T17:35:25","guid":{"rendered":"http:\/\/ferigouliero.fr\/?page_id=243"},"modified":"2024-06-23T17:19:24","modified_gmt":"2024-06-23T16:19:24","slug":"bienvenue-2","status":"publish","type":"page","link":"https:\/\/www.ferigouliero.fr\/index.php\/bienvenue-2\/","title":{"rendered":"Bienvenue !"},"content":{"rendered":"<p><img loading=\"lazy\" decoding=\"async\" class=\"alignnone wp-image-950\" src=\"http:\/\/ferigouliero.fr\/wp-content\/uploads\/2020\/02\/thumbnail_vue-aerienne-300x225.jpg\" alt=\"\" width=\"403\" height=\"302\" srcset=\"https:\/\/ferigouliero.fr\/wp-content\/uploads\/2020\/02\/thumbnail_vue-aerienne-300x225.jpg 300w, https:\/\/ferigouliero.fr\/wp-content\/uploads\/2020\/02\/thumbnail_vue-aerienne-768x576.jpg 768w, https:\/\/ferigouliero.fr\/wp-content\/uploads\/2020\/02\/thumbnail_vue-aerienne-1024x768.jpg 1024w, https:\/\/ferigouliero.fr\/wp-content\/uploads\/2020\/02\/thumbnail_vue-aerienne.jpg 1280w\" sizes=\"auto, (max-width: 403px) 100vw, 403px\" \/><a href=\"https:\/\/goo.gl\/maps\/1LSbz1m3Bp9x6tBdA\">https:\/\/goo.gl\/maps\/1LSbz1m3Bp9x6tBdA<\/a><\/p>\n<p>Villa pour 6 personnes, class\u00e9e 3 \u00e9toiles par les G\u00eetes de France: 152 m\u00b2, 2 chambres, 2 salles d&rsquo;eau, 2 WC, 1 grand garage fermant \u00e0 cl\u00e9, piscine ext\u00e9rieure chauff\u00e9e, jardin plat de 40 ares enti\u00e8rement cl\u00f4tur\u00e9, animaux domestiques bienvenus.<\/p>\n<p><img loading=\"lazy\" decoding=\"async\" class=\"alignnone size-medium wp-image-993\" src=\"http:\/\/ferigouliero.fr\/wp-content\/uploads\/2021\/04\/Plaque-Meuble_tourisme3_2021-1-300x300.jpg\" alt=\"\" width=\"300\" height=\"300\" srcset=\"https:\/\/ferigouliero.fr\/wp-content\/uploads\/2021\/04\/Plaque-Meuble_tourisme3_2021-1-300x300.jpg 300w, https:\/\/ferigouliero.fr\/wp-content\/uploads\/2021\/04\/Plaque-Meuble_tourisme3_2021-1-150x150.jpg 150w, https:\/\/ferigouliero.fr\/wp-content\/uploads\/2021\/04\/Plaque-Meuble_tourisme3_2021-1.jpg 768w\" sizes=\"auto, (max-width: 300px) 100vw, 300px\" \/><\/p>\n<p>Notre villa Ferigouliero est situ\u00e9e dans le d\u00e9partement du Var (83690), en Provence. Elle se situe entre les jolis villages de Villecroze et de Salernes, \u00e0 30 minutes du magnifique Lac de Sainte Croix et des Gorges du Verdon. La c\u00f4te d&rsquo;Azur (Fr\u00e9jus) est \u00e0 1h10 de route. Un aller-retour sur l&rsquo;\u00eele de Porquerolles est parfaitement possible en une journ\u00e9e.<\/p>\n<p>ATTENTION : la vignette fran\u00e7aise Crit&rsquo;Air est \u00e0 pr\u00e9sent obligatoire dans plusieurs r\u00e9gions de France, y compris pour prendre le tunnel de Fourvi\u00e8re (A6 passage par le centre de Lyon). Achetez-l\u00e0 \u00e0 temps (comptez 2 semaines) sur le site : <a href=\"https:\/\/www.certificat-air.gouv.fr\/\">https:\/\/www.certificat-air.gouv.fr\/<\/a><\/p>\n<p>&nbsp;<\/p>\n<p><img loading=\"lazy\" decoding=\"async\" class=\"alignnone wp-image-499 \" src=\"http:\/\/ferigouliero.fr\/wp-content\/uploads\/2019\/05\/IMG_4822-e1558264650538.jpg\" alt=\"\" width=\"309\" height=\"464\" srcset=\"https:\/\/ferigouliero.fr\/wp-content\/uploads\/2019\/05\/IMG_4822-e1558264650538.jpg 2304w, https:\/\/ferigouliero.fr\/wp-content\/uploads\/2019\/05\/IMG_4822-e1558264650538-200x300.jpg 200w, https:\/\/ferigouliero.fr\/wp-content\/uploads\/2019\/05\/IMG_4822-e1558264650538-768x1152.jpg 768w, https:\/\/ferigouliero.fr\/wp-content\/uploads\/2019\/05\/IMG_4822-e1558264650538-683x1024.jpg 683w\" sizes=\"auto, (max-width: 309px) 100vw, 309px\" \/><img loading=\"lazy\" decoding=\"async\" class=\"alignnone wp-image-616 size-full\" src=\"http:\/\/ferigouliero.fr\/wp-content\/uploads\/2019\/08\/IMG_8474.jpg\" alt=\"\" width=\"5184\" height=\"3456\" srcset=\"https:\/\/ferigouliero.fr\/wp-content\/uploads\/2019\/08\/IMG_8474.jpg 5184w, https:\/\/ferigouliero.fr\/wp-content\/uploads\/2019\/08\/IMG_8474-300x200.jpg 300w, https:\/\/ferigouliero.fr\/wp-content\/uploads\/2019\/08\/IMG_8474-768x512.jpg 768w, https:\/\/ferigouliero.fr\/wp-content\/uploads\/2019\/08\/IMG_8474-1024x683.jpg 1024w\" sizes=\"auto, (max-width: 5184px) 100vw, 5184px\" \/><\/p>\n<p>A votre arriv\u00e9e, les lits sont faits et le champagne est au frigo! Vous pouvez directement vous installer sur la terrasse ombrag\u00e9e avec vue sur le\u00a0 jardin ou au bord de notre nouvelle piscine.<\/p>\n<p>Vos enfants et vos animaux domestiques sont en s\u00e9curit\u00e9 : tout est cl\u00f4tur\u00e9 et il y a une b\u00e2che \u00e0 barres \u00e0 votre disposition pour s\u00e9curiser la piscine! Le mobilier de jardin et le nouveau barbecue au gaz vous assurent de passer d\u2019agr\u00e9ables journ\u00e9es de repos et de tranquillit\u00e9.<\/p>\n<p><img loading=\"lazy\" decoding=\"async\" class=\"alignnone wp-image-464 size-full\" src=\"http:\/\/ferigouliero.fr\/wp-content\/uploads\/2018\/07\/20161014_085357.jpeg\" alt=\"\" width=\"960\" height=\"540\" srcset=\"https:\/\/ferigouliero.fr\/wp-content\/uploads\/2018\/07\/20161014_085357.jpeg 960w, https:\/\/ferigouliero.fr\/wp-content\/uploads\/2018\/07\/20161014_085357-300x169.jpeg 300w, https:\/\/ferigouliero.fr\/wp-content\/uploads\/2018\/07\/20161014_085357-768x432.jpeg 768w\" sizes=\"auto, (max-width: 960px) 100vw, 960px\" \/><\/p>\n<p>Des loisirs sont pr\u00e9vus pour les petits et les grands : jeux de soci\u00e9t\u00e9, jeux d\u2019ext\u00e9rieur, connexion internet par Wi Fi,\u00a0 une TV grand \u00e9cran de 105 cm, livres en fran\u00e7ais, n\u00e9erlandais et anglais,&#8230;<\/p>\n<p><img loading=\"lazy\" decoding=\"async\" class=\"alignnone wp-image-509 size-full\" src=\"http:\/\/ferigouliero.fr\/wp-content\/uploads\/2019\/05\/Ferigouliero.27.jpg\" alt=\"\" width=\"1600\" height=\"1200\" srcset=\"https:\/\/ferigouliero.fr\/wp-content\/uploads\/2019\/05\/Ferigouliero.27.jpg 1600w, https:\/\/ferigouliero.fr\/wp-content\/uploads\/2019\/05\/Ferigouliero.27-300x225.jpg 300w, https:\/\/ferigouliero.fr\/wp-content\/uploads\/2019\/05\/Ferigouliero.27-768x576.jpg 768w, https:\/\/ferigouliero.fr\/wp-content\/uploads\/2019\/05\/Ferigouliero.27-1024x768.jpg 1024w\" sizes=\"auto, (max-width: 1600px) 100vw, 1600px\" \/><\/p>\n<p><img loading=\"lazy\" decoding=\"async\" class=\"alignnone wp-image-63 \" src=\"http:\/\/ferigouliero.fr\/wp-content\/uploads\/2016\/07\/Bibioth\u00e8que-e1469640598540.jpg\" alt=\"Bibioth\u00e8que\" width=\"151\" height=\"227\" srcset=\"https:\/\/ferigouliero.fr\/wp-content\/uploads\/2016\/07\/Bibioth\u00e8que-e1469640598540.jpg 253w, https:\/\/ferigouliero.fr\/wp-content\/uploads\/2016\/07\/Bibioth\u00e8que-e1469640598540-200x300.jpg 200w\" sizes=\"auto, (max-width: 151px) 100vw, 151px\" \/><img loading=\"lazy\" decoding=\"async\" class=\"alignleft wp-image-247 \" src=\"http:\/\/ferigouliero.fr\/wp-content\/uploads\/2016\/07\/DSC07884-e1469640796393.jpg\" alt=\"DSC07884\" width=\"203\" height=\"135\" \/><\/p>\n<p>Un classeur truff\u00e9 de bonnes adresses et de documentations est \u00e0 votre disposition (promenades, restaurants, cartes des villages et des activit\u00e9s \u00e0 faire dans la r\u00e9gion, domaines viticoles, moulins \u00e0 huile d&rsquo;olives, &#8230;.).<\/p>\n<p>Et, encore un avantage de notre villa, c&rsquo;est la pr\u00e9sence d&rsquo;un lave-vaisselle et d&rsquo;un lave-linge qui vous facilitent la vie et vous assurent des vacances sans soucis.<\/p>\n<p>Rappelons qu&rsquo;il s&rsquo;agit d&rsquo;une habitation NON fumeur et que les locations \u00e0 la semaine se font du samedi au samedi avec un minimum de 3 nuits en basse saison.<\/p>\n<p><img loading=\"lazy\" decoding=\"async\" class=\"alignnone wp-image-512 size-full\" src=\"http:\/\/ferigouliero.fr\/wp-content\/uploads\/2019\/05\/IMG_1397.jpg\" alt=\"\" width=\"3456\" height=\"2304\" srcset=\"https:\/\/ferigouliero.fr\/wp-content\/uploads\/2019\/05\/IMG_1397.jpg 3456w, https:\/\/ferigouliero.fr\/wp-content\/uploads\/2019\/05\/IMG_1397-300x200.jpg 300w, https:\/\/ferigouliero.fr\/wp-content\/uploads\/2019\/05\/IMG_1397-768x512.jpg 768w, https:\/\/ferigouliero.fr\/wp-content\/uploads\/2019\/05\/IMG_1397-1024x683.jpg 1024w\" sizes=\"auto, (max-width: 3456px) 100vw, 3456px\" \/><\/p>\n<p><em><strong>Adresse de la villa \u00ab\u00a0Ferigouliero\u00a0\u00bb :<\/strong><\/em><br \/>\n1517 route de Salernes (Route D\u00e9partementale 51, entre Salernes et Villecroze)<br \/>\nF-83690 Villecroze &#8211; D\u00e9partement du Var<br \/>\nFRANCE<\/p>\n<p><em><strong>Coordonn\u00e9es GPS:\u00a0 \u00a0 N43.574659\u00a0 \u00a0E6.264420<\/strong><\/em><\/p>\n<p><a href=\"https:\/\/www.lacs-gorges-verdon.fr\/comment-venir\">https:\/\/www.lacs-gorges-verdon.fr\/comment-venir<\/a><\/p>\n","protected":false},"excerpt":{"rendered":"<p>https:\/\/goo.gl\/maps\/1LSbz1m3Bp9x6tBdA Villa pour 6 personnes, class\u00e9e 3 \u00e9toiles par les G\u00eetes de France: 152 m\u00b2, 2 chambres, 2 salles d&rsquo;eau, 2 WC, 1 grand garage fermant \u00e0 cl\u00e9, piscine ext\u00e9rieure chauff\u00e9e, jardin plat de 40 ares enti\u00e8rement cl\u00f4tur\u00e9, animaux domestiques bienvenus. Notre villa Ferigouliero est situ\u00e9e dans le d\u00e9partement du Var (83690), en Provence. Elle &hellip; <a href=\"https:\/\/www.ferigouliero.fr\/index.php\/bienvenue-2\/\" class=\"more-link\">Continuer la lecture de <span class=\"screen-reader-text\">Bienvenue !<\/span>  <span class=\"meta-nav\">&rarr;<\/span><\/a><\/p>\n","protected":false},"author":1,"featured_media":0,"parent":0,"menu_order":0,"comment_status":"closed","ping_status":"closed","template":"","meta":{"footnotes":""},"class_list":["post-243","page","type-page","status-publish","hentry"],"_links":{"self":[{"href":"https:\/\/www.ferigouliero.fr\/index.php\/wp-json\/wp\/v2\/pages\/243","targetHints":{"allow":["GET"]}}],"collection":[{"href":"https:\/\/www.ferigouliero.fr\/index.php\/wp-json\/wp\/v2\/pages"}],"about":[{"href":"https:\/\/www.ferigouliero.fr\/index.php\/wp-json\/wp\/v2\/types\/page"}],"author":[{"embeddable":true,"href":"https:\/\/www.ferigouliero.fr\/index.php\/wp-json\/wp\/v2\/users\/1"}],"replies":[{"embeddable":true,"href":"https:\/\/www.ferigouliero.fr\/index.php\/wp-json\/wp\/v2\/comments?post=243"}],"version-history":[{"count":32,"href":"https:\/\/www.ferigouliero.fr\/index.php\/wp-json\/wp\/v2\/pages\/243\/revisions"}],"predecessor-version":[{"id":1266,"href":"https:\/\/www.ferigouliero.fr\/index.php\/wp-json\/wp\/v2\/pages\/243\/revisions\/1266"}],"wp:attachment":[{"href":"https:\/\/www.ferigouliero.fr\/index.php\/wp-json\/wp\/v2\/media?parent=243"}],"curies":[{"name":"wp","href":"https:\/\/api.w.org\/{rel}","templated":true}]}}