{"id":266,"date":"2016-07-27T19:26:37","date_gmt":"2016-07-27T18:26:37","guid":{"rendered":"http:\/\/ferigouliero.fr\/?page_id=266"},"modified":"2024-06-23T17:24:25","modified_gmt":"2024-06-23T16:24:25","slug":"contact","status":"publish","type":"page","link":"https:\/\/www.ferigouliero.fr\/index.php\/contact\/","title":{"rendered":"Contact"},"content":{"rendered":"<p>Vous pouvez aussi facilement nous contacter via le site de France-voyage.com : <a href=\"https:\/\/www.france-voyage.com\/locations-vacances\/location-villecroze-127747.htm\" target=\"_blank\" rel=\"noopener noreferrer\">https:\/\/www.france-voyage.com\/locations-vacances\/location-villecroze-127747.htm<\/a><\/p>\n<p>Ce site comporte un calendrier des r\u00e9servations mis \u00e0 jour.<\/p>\n<p>ou par portable (gsm) :<\/p>\n<ul>\n<li>pour nos amis fran\u00e7ais : 06 74 09 70 84<\/li>\n<li>pour nos amis belges:\u00a0 \u00a0 0498 88 82 23 (Eric) ou\u00a0 0477 47 48 85 (Nicole)<\/li>\n<\/ul>\n<p>ou par courriel (mail):\u00a0 \u00a0 <a href=\"mailto:ferigouliero@gmail.com\">ferigouliero@gmail.com<\/a><\/p>\n<p>ou via notre page sur Facebook : <a href=\"https:\/\/www.facebook.com\/Ferigouliero\/\">https:\/\/www.facebook.com\/Ferigouliero\/<\/a><\/p>\n<p>Au plaisir de vous recevoir dans notre villa\u00a0 La Ferigouliero !<\/p>\n<p><img loading=\"lazy\" decoding=\"async\" class=\"alignnone wp-image-770 size-full\" src=\"http:\/\/ferigouliero.fr\/wp-content\/uploads\/2019\/10\/IMG_8474.jpg\" alt=\"\" width=\"5184\" height=\"3456\" srcset=\"https:\/\/ferigouliero.fr\/wp-content\/uploads\/2019\/10\/IMG_8474.jpg 5184w, https:\/\/ferigouliero.fr\/wp-content\/uploads\/2019\/10\/IMG_8474-300x200.jpg 300w, https:\/\/ferigouliero.fr\/wp-content\/uploads\/2019\/10\/IMG_8474-768x512.jpg 768w, https:\/\/ferigouliero.fr\/wp-content\/uploads\/2019\/10\/IMG_8474-1024x683.jpg 1024w\" sizes=\"auto, (max-width: 5184px) 100vw, 5184px\" \/><\/p>\n<p><strong>Qui sommes-nous?<br \/>\n<\/strong>Quand un ing\u00e9nieur industriel rencontre une psychologue, qu&rsquo;est-ce que cela donne ? Trois\u00a0 enfants et plein d&rsquo;animaux, dont un \u00e9levage de chiens (notre site :\u00a0 \u00a0<a href=\"http:\/\/www.schipperke.show\">http:\/\/www.schipperke.show<\/a> ).<\/p>\n<p><strong><u><img loading=\"lazy\" decoding=\"async\" class=\"alignnone wp-image-13 size-full\" src=\"http:\/\/ferigouliero.fr\/wp-content\/uploads\/2016\/06\/Eric-et-Nic.4.jpg\" alt=\"Eric et Nic.4\" width=\"640\" height=\"480\" srcset=\"https:\/\/ferigouliero.fr\/wp-content\/uploads\/2016\/06\/Eric-et-Nic.4.jpg 640w, https:\/\/ferigouliero.fr\/wp-content\/uploads\/2016\/06\/Eric-et-Nic.4-300x225.jpg 300w\" sizes=\"auto, (max-width: 640px) 100vw, 640px\" \/><\/u><\/strong><\/p>\n<p>Belges et francophones d&rsquo;origine, la Campine flamande nous a adopt\u00e9s depuis plus de 20 ans.<\/p>\n<p>Maintenant que nos enfants sont grands, nous avons plus de temps \u00e0 accorder \u00e0 notre\u00a0 couple et \u00e0 nos hobbies : promenades dans la nature, tennis, musique, lecture, voyages, &#8230;<\/p>\n<p><strong><u>Pourquoi cette location?<\/u><\/strong><\/p>\n<p>Nous avons h\u00e9rit\u00e9 de cette villa en 2015, suite au d\u00e9c\u00e8s inopin\u00e9 de notre Tante. Elle avait\u00a0 fait construire cette maison pour y prendre une retraite bien m\u00e9rit\u00e9e, avec son compagnon de l&rsquo;\u00e9poque, qui n&rsquo;\u00e9tait autre que le fameux footballer Ren\u00e9 Vanderlinden. Un portrait de ce c\u00e9l\u00e8bre joueur bruxellois se trouve au salon, \u00e0 c\u00f4t\u00e9 de son buste.<\/p>\n<p><img loading=\"lazy\" decoding=\"async\" class=\"alignnone wp-image-280\" src=\"http:\/\/ferigouliero.fr\/wp-content\/uploads\/2016\/06\/DSC01017-300x200.jpg\" alt=\"DSC01017\" width=\"398\" height=\"265\" srcset=\"https:\/\/ferigouliero.fr\/wp-content\/uploads\/2016\/06\/DSC01017-300x200.jpg 300w, https:\/\/ferigouliero.fr\/wp-content\/uploads\/2016\/06\/DSC01017-768x512.jpg 768w, https:\/\/ferigouliero.fr\/wp-content\/uploads\/2016\/06\/DSC01017-1024x683.jpg 1024w\" sizes=\"auto, (max-width: 398px) 100vw, 398px\" \/><\/p>\n<p>Une fois devenue veuve, notre Tante \u00e9tait rest\u00e9e seule \u00e0 la Ferigouliero, ne voulant quitter pour rien au monde une r\u00e9gion si belle et au climat si doux. Nous allions lui rendre visite plusieurs fois par an et elle nous faisait d\u00e9couvrir les d\u00e9licieux restaurants des environs, les caves \u00e0 vin, les curiosit\u00e9s locales&#8230; Nous rechargions nos batteries et nous quittions \u00e0 regret cette campagne proven\u00e7ale pour retourner dans le Nord&#8230;<\/p>\n","protected":false},"excerpt":{"rendered":"<p>Vous pouvez aussi facilement nous contacter via le site de France-voyage.com : https:\/\/www.france-voyage.com\/locations-vacances\/location-villecroze-127747.htm Ce site comporte un calendrier des r\u00e9servations mis \u00e0 jour. ou par portable (gsm) : pour nos amis fran\u00e7ais : 06 74 09 70 84 pour nos amis belges:\u00a0 \u00a0 0498 88 82 23 (Eric) ou\u00a0 0477 47 48 85 (Nicole) ou &hellip; <a href=\"https:\/\/www.ferigouliero.fr\/index.php\/contact\/\" class=\"more-link\">Continuer la lecture de <span class=\"screen-reader-text\">Contact<\/span>  <span class=\"meta-nav\">&rarr;<\/span><\/a><\/p>\n","protected":false},"author":1,"featured_media":0,"parent":0,"menu_order":0,"comment_status":"closed","ping_status":"closed","template":"","meta":{"footnotes":""},"class_list":["post-266","page","type-page","status-publish","hentry"],"_links":{"self":[{"href":"https:\/\/www.ferigouliero.fr\/index.php\/wp-json\/wp\/v2\/pages\/266","targetHints":{"allow":["GET"]}}],"collection":[{"href":"https:\/\/www.ferigouliero.fr\/index.php\/wp-json\/wp\/v2\/pages"}],"about":[{"href":"https:\/\/www.ferigouliero.fr\/index.php\/wp-json\/wp\/v2\/types\/page"}],"author":[{"embeddable":true,"href":"https:\/\/www.ferigouliero.fr\/index.php\/wp-json\/wp\/v2\/users\/1"}],"replies":[{"embeddable":true,"href":"https:\/\/www.ferigouliero.fr\/index.php\/wp-json\/wp\/v2\/comments?post=266"}],"version-history":[{"count":33,"href":"https:\/\/www.ferigouliero.fr\/index.php\/wp-json\/wp\/v2\/pages\/266\/revisions"}],"predecessor-version":[{"id":1269,"href":"https:\/\/www.ferigouliero.fr\/index.php\/wp-json\/wp\/v2\/pages\/266\/revisions\/1269"}],"wp:attachment":[{"href":"https:\/\/www.ferigouliero.fr\/index.php\/wp-json\/wp\/v2\/media?parent=266"}],"curies":[{"name":"wp","href":"https:\/\/api.w.org\/{rel}","templated":true}]}}