{"id":637,"date":"2019-10-27T16:35:23","date_gmt":"2019-10-27T15:35:23","guid":{"rendered":"http:\/\/www.ferigouliero.fr\/?page_id=637"},"modified":"2026-03-11T10:27:02","modified_gmt":"2026-03-11T09:27:02","slug":"prix","status":"publish","type":"page","link":"https:\/\/www.ferigouliero.fr\/index.php\/prix\/","title":{"rendered":"Prix et disponibilit\u00e9s 2026"},"content":{"rendered":"<p>Tarifs de location villa \u2018La Ferigouliero\u2019 : ann\u00e9e 2026<br \/>\n1517, routes de Salernes (D51) \u2013 83690 VILLECROZE<br \/>\n(<a href=\"http:\/\/www.ferigouliero.fr\"> www.ferigouliero.fr<\/a>) Var \u2013 Provence &#8211; France<\/p>\n<p><img loading=\"lazy\" decoding=\"async\" class=\"alignnone size-medium wp-image-987\" src=\"http:\/\/ferigouliero.fr\/wp-content\/uploads\/2020\/11\/Nic-et-Eric-La-Ferigouliero-entr\u00e9e-300x225.jpg\" alt=\"\" width=\"300\" height=\"225\" srcset=\"https:\/\/ferigouliero.fr\/wp-content\/uploads\/2020\/11\/Nic-et-Eric-La-Ferigouliero-entr\u00e9e-300x225.jpg 300w, https:\/\/ferigouliero.fr\/wp-content\/uploads\/2020\/11\/Nic-et-Eric-La-Ferigouliero-entr\u00e9e-768x576.jpg 768w, https:\/\/ferigouliero.fr\/wp-content\/uploads\/2020\/11\/Nic-et-Eric-La-Ferigouliero-entr\u00e9e-1024x768.jpg 1024w\" sizes=\"auto, (max-width: 300px) 100vw, 300px\" \/><\/p>\n<p><strong>Arriv\u00e9e : le samedi \u00e0 partir de 16h00.<\/strong><br \/>\n<strong>D\u00e9part : le samedi avant 10h00.<\/strong><\/p>\n<p>Tarifs par semaine pour la location de la villa Ferigouliero : ann\u00e9e 2026<\/p>\n<p><strong><u>Basse saison<\/u><\/strong>\u00a0:\u00a0 \u00a0\u00a0\u00a0\u00a0\u00a0 03\/01\/2026 =&gt; 02\/05\/2026 \u00a0\u00a0\u00a0\u00a0\u00a0\u00a0 690,00 \u20ac<br \/>\n<strong><u>Moyenne saison<\/u><\/strong>\u00a0 \u00a0 02\/05\/2026 =&gt; 04\/07\/2026 \u00a0\u00a0\u00a0\u00a0\u00a0\u00a0 1.120,00 \u20ac<br \/>\n<strong><u>Haute saison<\/u><\/strong>\u00a0\u00a0\u00a0\u00a0\u00a0\u00a0\u00a0\u00a0 04\/07\/2026 =&gt; 29\/08\/2026\u00a0\u00a0\u00a0 \u00a0\u00a0\u00a0\u00a0\u00a0 1.570,00 \u20ac<br \/>\n<strong><u>Moyenne saison<\/u><\/strong>\u00a0 \u00a0 29\/08\/2025 =&gt; 03\/10\/2025 \u00a0\u00a0\u00a0\u00a0\u00a0\u00a0 1.120,00 \u20ac<br \/>\n<strong><u>Basse saison<\/u><\/strong>\u00a0:\u00a0\u00a0\u00a0\u00a0\u00a0\u00a0\u00a0 03\/10\/2025 =&gt; 02\/01\/2027 \u00a0\u00a0\u00a0\u00a0\u00a0\u00a0\u00a0\u00a0 690,00 \u20ac<\/p>\n<p><strong>Arriv\u00e9e : \u00e0 partir de 16h00. D\u00e9part : avant 10h00.<\/strong><\/p>\n<p><strong>R\u00e9duction<\/strong> de <strong>10%<\/strong> pour location de <strong>2 semaines<\/strong> successives<br \/>\n<strong>R\u00e9duction<\/strong> de <strong>20%<\/strong> pour location de <strong>3 semaines<\/strong> successives<\/p>\n<p>En moyenne et en haute saison, les locations se font imp\u00e9rativement du samedi au samedi.<\/p>\n<p>En basse saison : possibilit\u00e9 de location de 3 nuit\u00e9es minimum (paiement de 60% du prix pour une semaine), ou de 5 nuit\u00e9es (paiement de 80% du prix pour une semaine).<\/p>\n<p>Une <strong>taxe de s\u00e9jour de 2,16 \u20ac<\/strong> par personne de plus de 18 ans et par nuit sera \u00e0 compter <strong>en plus<\/strong> des prix de location ci-dessus. Cette taxe sera revers\u00e9e directement \u00e0 la \u2018Communaut\u00e9 de Communes Lacs et Gorges du Verdon\u2019.<\/p>\n<p><img loading=\"lazy\" decoding=\"async\" class=\"alignnone size-medium wp-image-1152\" src=\"http:\/\/ferigouliero.fr\/wp-content\/uploads\/2023\/01\/Ferigouliero-plan-2022-vue-aerienne-2-300x201.png\" alt=\"\" width=\"300\" height=\"201\" srcset=\"https:\/\/ferigouliero.fr\/wp-content\/uploads\/2023\/01\/Ferigouliero-plan-2022-vue-aerienne-2-300x201.png 300w, https:\/\/ferigouliero.fr\/wp-content\/uploads\/2023\/01\/Ferigouliero-plan-2022-vue-aerienne-2-1024x687.png 1024w, https:\/\/ferigouliero.fr\/wp-content\/uploads\/2023\/01\/Ferigouliero-plan-2022-vue-aerienne-2-768x515.png 768w, https:\/\/ferigouliero.fr\/wp-content\/uploads\/2023\/01\/Ferigouliero-plan-2022-vue-aerienne-2-1536x1030.png 1536w, https:\/\/ferigouliero.fr\/wp-content\/uploads\/2023\/01\/Ferigouliero-plan-2022-vue-aerienne-2.png 1903w\" sizes=\"auto, (max-width: 300px) 100vw, 300px\" \/><\/p>\n<p><strong>Nos prix comprennent<\/strong> la consommation d\u2019eau, d\u2019\u00e9lectricit\u00e9, la mise \u00e0 disposition de linge de lit, de serviettes de bain, le nettoyage en fin de location (sauf si salissures extr\u00eames faites par un locataire ind\u00e9licat), l\u2019internet et le Wi-Fi.<\/p>\n<p><em><strong>Vos animaux\u00a0 familiers sont admis gratuitement apr\u00e8s accord des propri\u00e9taires.<\/strong><\/em><\/p>\n<p><strong>Calendrier : cliquez sur le logo de France-Voyage ci-dessous pour consulter notre calendrier mis \u00e0 jour et r\u00e9server vos prochaines vacances en Provence :<\/strong>\u00a0 \u00a0\u00a0 <a href=\"https:\/\/www.france-voyage.com\/locations-vacances\/location-villecroze-127747.htm\" target=\"_blank\" rel=\"noopener noreferrer\"><img decoding=\"async\" style=\"border: 0;\" src=\"https:\/\/www.france-voyage.com\/visuals\/pro\/label.gif\" alt=\"Location de vacances dans le Var\" \/><\/a><\/p>\n<p>&nbsp;<\/p>\n","protected":false},"excerpt":{"rendered":"<p>Tarifs de location villa \u2018La Ferigouliero\u2019 : ann\u00e9e 2026 1517, routes de Salernes (D51) \u2013 83690 VILLECROZE ( www.ferigouliero.fr) Var \u2013 Provence &#8211; France Arriv\u00e9e : le samedi \u00e0 partir de 16h00. D\u00e9part : le samedi avant 10h00. Tarifs par semaine pour la location de la villa Ferigouliero : ann\u00e9e 2026 Basse saison\u00a0:\u00a0 \u00a0\u00a0\u00a0\u00a0\u00a0 03\/01\/2026 &hellip; <a href=\"https:\/\/www.ferigouliero.fr\/index.php\/prix\/\" class=\"more-link\">Continuer la lecture de <span class=\"screen-reader-text\">Prix et disponibilit\u00e9s 2026<\/span>  <span class=\"meta-nav\">&rarr;<\/span><\/a><\/p>\n","protected":false},"author":1,"featured_media":0,"parent":0,"menu_order":0,"comment_status":"closed","ping_status":"closed","template":"","meta":{"footnotes":""},"class_list":["post-637","page","type-page","status-publish","hentry"],"_links":{"self":[{"href":"https:\/\/www.ferigouliero.fr\/index.php\/wp-json\/wp\/v2\/pages\/637","targetHints":{"allow":["GET"]}}],"collection":[{"href":"https:\/\/www.ferigouliero.fr\/index.php\/wp-json\/wp\/v2\/pages"}],"about":[{"href":"https:\/\/www.ferigouliero.fr\/index.php\/wp-json\/wp\/v2\/types\/page"}],"author":[{"embeddable":true,"href":"https:\/\/www.ferigouliero.fr\/index.php\/wp-json\/wp\/v2\/users\/1"}],"replies":[{"embeddable":true,"href":"https:\/\/www.ferigouliero.fr\/index.php\/wp-json\/wp\/v2\/comments?post=637"}],"version-history":[{"count":38,"href":"https:\/\/www.ferigouliero.fr\/index.php\/wp-json\/wp\/v2\/pages\/637\/revisions"}],"predecessor-version":[{"id":1294,"href":"https:\/\/www.ferigouliero.fr\/index.php\/wp-json\/wp\/v2\/pages\/637\/revisions\/1294"}],"wp:attachment":[{"href":"https:\/\/www.ferigouliero.fr\/index.php\/wp-json\/wp\/v2\/media?parent=637"}],"curies":[{"name":"wp","href":"https:\/\/api.w.org\/{rel}","templated":true}]}}