{"id":875,"date":"2019-11-01T13:53:18","date_gmt":"2019-11-01T12:53:18","guid":{"rendered":"http:\/\/www.ferigouliero.fr\/?page_id=875"},"modified":"2023-01-02T17:37:24","modified_gmt":"2023-01-02T16:37:24","slug":"chiens-bienvenus","status":"publish","type":"page","link":"https:\/\/www.ferigouliero.fr\/index.php\/chiens-bienvenus\/","title":{"rendered":"Chiens bienvenus"},"content":{"rendered":"<p>Vos vacances ne seraient pas parfaites si vous deviez laisser vos animaux domestiques \u00e0 la maison. Prenez-les donc avec vous!<\/p>\n<p><img loading=\"lazy\" decoding=\"async\" class=\"alignnone size-medium wp-image-1031\" src=\"http:\/\/ferigouliero.fr\/wp-content\/uploads\/2021\/04\/Ferigouliero.chien_.piscine-300x225.jpg\" alt=\"\" width=\"300\" height=\"225\" srcset=\"https:\/\/ferigouliero.fr\/wp-content\/uploads\/2021\/04\/Ferigouliero.chien_.piscine-300x225.jpg 300w, https:\/\/ferigouliero.fr\/wp-content\/uploads\/2021\/04\/Ferigouliero.chien_.piscine-768x576.jpg 768w, https:\/\/ferigouliero.fr\/wp-content\/uploads\/2021\/04\/Ferigouliero.chien_.piscine-1024x768.jpg 1024w, https:\/\/ferigouliero.fr\/wp-content\/uploads\/2021\/04\/Ferigouliero.chien_.piscine.jpg 2048w\" sizes=\"auto, (max-width: 300px) 100vw, 300px\" \/><\/p>\n<p>&nbsp;<\/p>\n<p>Notre villa est faite pour eux! Le jardin de 40 ares est enti\u00e8rement cl\u00f4tur\u00e9 (cl\u00f4ture de 1m80 de haut).<\/p>\n<p><img loading=\"lazy\" decoding=\"async\" class=\"alignnone size-medium wp-image-1026\" src=\"http:\/\/ferigouliero.fr\/wp-content\/uploads\/2021\/04\/IMG_9872-300x200.jpg\" alt=\"\" width=\"300\" height=\"200\" srcset=\"https:\/\/ferigouliero.fr\/wp-content\/uploads\/2021\/04\/IMG_9872-300x200.jpg 300w, https:\/\/ferigouliero.fr\/wp-content\/uploads\/2021\/04\/IMG_9872-768x512.jpg 768w, https:\/\/ferigouliero.fr\/wp-content\/uploads\/2021\/04\/IMG_9872-1024x683.jpg 1024w\" sizes=\"auto, (max-width: 300px) 100vw, 300px\" \/><\/p>\n<p>Il y a une cage (= un bench) \u00e0 votre disposition dans le garage. Nous vous demandons seulement de bien recouvrir les fauteuils du salon d&rsquo;une couverture pour les prot\u00e9ger des salissures et des poils de vos compagnons \u00e0 quatre pattes.<\/p>\n<p><img loading=\"lazy\" decoding=\"async\" class=\" wp-image-463 aligncenter\" src=\"http:\/\/ferigouliero.fr\/wp-content\/uploads\/2018\/07\/20161019_163420-300x169.jpeg\" alt=\"\" width=\"323\" height=\"182\" srcset=\"https:\/\/ferigouliero.fr\/wp-content\/uploads\/2018\/07\/20161019_163420-300x169.jpeg 300w, https:\/\/ferigouliero.fr\/wp-content\/uploads\/2018\/07\/20161019_163420-768x432.jpeg 768w, https:\/\/ferigouliero.fr\/wp-content\/uploads\/2018\/07\/20161019_163420.jpeg 960w\" sizes=\"auto, (max-width: 323px) 100vw, 323px\" \/><img loading=\"lazy\" decoding=\"async\" class=\"wp-image-315 aligncenter\" src=\"http:\/\/ferigouliero.fr\/wp-content\/uploads\/2017\/01\/DSC01969.jpg\" alt=\"\" width=\"344\" height=\"258\" srcset=\"https:\/\/ferigouliero.fr\/wp-content\/uploads\/2017\/01\/DSC01969.jpg 5184w, https:\/\/ferigouliero.fr\/wp-content\/uploads\/2017\/01\/DSC01969-300x225.jpg 300w, https:\/\/ferigouliero.fr\/wp-content\/uploads\/2017\/01\/DSC01969-768x576.jpg 768w, https:\/\/ferigouliero.fr\/wp-content\/uploads\/2017\/01\/DSC01969-1024x768.jpg 1024w\" sizes=\"auto, (max-width: 344px) 100vw, 344px\" \/><\/p>\n<p><img loading=\"lazy\" decoding=\"async\" class=\"alignnone size-medium wp-image-1140\" src=\"http:\/\/ferigouliero.fr\/wp-content\/uploads\/2023\/01\/Tony-Nicole.5-225x300.jpg\" alt=\"\" width=\"225\" height=\"300\" srcset=\"https:\/\/ferigouliero.fr\/wp-content\/uploads\/2023\/01\/Tony-Nicole.5-225x300.jpg 225w, https:\/\/ferigouliero.fr\/wp-content\/uploads\/2023\/01\/Tony-Nicole.5-768x1024.jpg 768w, https:\/\/ferigouliero.fr\/wp-content\/uploads\/2023\/01\/Tony-Nicole.5.jpg 1080w\" sizes=\"auto, (max-width: 225px) 100vw, 225px\" \/> <img loading=\"lazy\" decoding=\"async\" class=\"alignnone size-medium wp-image-1141\" src=\"http:\/\/ferigouliero.fr\/wp-content\/uploads\/2023\/01\/Tony-Nicole.6-225x300.jpg\" alt=\"\" width=\"225\" height=\"300\" srcset=\"https:\/\/ferigouliero.fr\/wp-content\/uploads\/2023\/01\/Tony-Nicole.6-225x300.jpg 225w, https:\/\/ferigouliero.fr\/wp-content\/uploads\/2023\/01\/Tony-Nicole.6-768x1024.jpg 768w, https:\/\/ferigouliero.fr\/wp-content\/uploads\/2023\/01\/Tony-Nicole.6.jpg 1080w\" sizes=\"auto, (max-width: 225px) 100vw, 225px\" \/><\/p>\n<p><img loading=\"lazy\" decoding=\"async\" class=\"alignnone size-medium wp-image-1142\" src=\"http:\/\/ferigouliero.fr\/wp-content\/uploads\/2023\/01\/Tony-Nicole.7-225x300.jpg\" alt=\"\" width=\"225\" height=\"300\" srcset=\"https:\/\/ferigouliero.fr\/wp-content\/uploads\/2023\/01\/Tony-Nicole.7-225x300.jpg 225w, https:\/\/ferigouliero.fr\/wp-content\/uploads\/2023\/01\/Tony-Nicole.7-768x1024.jpg 768w, https:\/\/ferigouliero.fr\/wp-content\/uploads\/2023\/01\/Tony-Nicole.7.jpg 1080w\" sizes=\"auto, (max-width: 225px) 100vw, 225px\" \/> <img loading=\"lazy\" decoding=\"async\" class=\"alignnone size-medium wp-image-1143\" src=\"http:\/\/ferigouliero.fr\/wp-content\/uploads\/2023\/01\/Tony-Nicole.8-169x300.jpg\" alt=\"\" width=\"169\" height=\"300\" srcset=\"https:\/\/ferigouliero.fr\/wp-content\/uploads\/2023\/01\/Tony-Nicole.8-169x300.jpg 169w, https:\/\/ferigouliero.fr\/wp-content\/uploads\/2023\/01\/Tony-Nicole.8-576x1024.jpg 576w, https:\/\/ferigouliero.fr\/wp-content\/uploads\/2023\/01\/Tony-Nicole.8-768x1365.jpg 768w, https:\/\/ferigouliero.fr\/wp-content\/uploads\/2023\/01\/Tony-Nicole.8-864x1536.jpg 864w, https:\/\/ferigouliero.fr\/wp-content\/uploads\/2023\/01\/Tony-Nicole.8.jpg 1080w\" sizes=\"auto, (max-width: 169px) 100vw, 169px\" \/><\/p>\n<p>&nbsp;<\/p>\n","protected":false},"excerpt":{"rendered":"<p>Vos vacances ne seraient pas parfaites si vous deviez laisser vos animaux domestiques \u00e0 la maison. Prenez-les donc avec vous! &nbsp; Notre villa est faite pour eux! Le jardin de 40 ares est enti\u00e8rement cl\u00f4tur\u00e9 (cl\u00f4ture de 1m80 de haut). Il y a une cage (= un bench) \u00e0 votre disposition dans le garage. Nous &hellip; <a href=\"https:\/\/www.ferigouliero.fr\/index.php\/chiens-bienvenus\/\" class=\"more-link\">Continuer la lecture de <span class=\"screen-reader-text\">Chiens bienvenus<\/span>  <span class=\"meta-nav\">&rarr;<\/span><\/a><\/p>\n","protected":false},"author":1,"featured_media":0,"parent":0,"menu_order":0,"comment_status":"closed","ping_status":"closed","template":"","meta":{"footnotes":""},"class_list":["post-875","page","type-page","status-publish","hentry"],"_links":{"self":[{"href":"https:\/\/www.ferigouliero.fr\/index.php\/wp-json\/wp\/v2\/pages\/875","targetHints":{"allow":["GET"]}}],"collection":[{"href":"https:\/\/www.ferigouliero.fr\/index.php\/wp-json\/wp\/v2\/pages"}],"about":[{"href":"https:\/\/www.ferigouliero.fr\/index.php\/wp-json\/wp\/v2\/types\/page"}],"author":[{"embeddable":true,"href":"https:\/\/www.ferigouliero.fr\/index.php\/wp-json\/wp\/v2\/users\/1"}],"replies":[{"embeddable":true,"href":"https:\/\/www.ferigouliero.fr\/index.php\/wp-json\/wp\/v2\/comments?post=875"}],"version-history":[{"count":9,"href":"https:\/\/www.ferigouliero.fr\/index.php\/wp-json\/wp\/v2\/pages\/875\/revisions"}],"predecessor-version":[{"id":1144,"href":"https:\/\/www.ferigouliero.fr\/index.php\/wp-json\/wp\/v2\/pages\/875\/revisions\/1144"}],"wp:attachment":[{"href":"https:\/\/www.ferigouliero.fr\/index.php\/wp-json\/wp\/v2\/media?parent=875"}],"curies":[{"name":"wp","href":"https:\/\/api.w.org\/{rel}","templated":true}]}}